{"id":15,"date":"2015-05-28T07:23:39","date_gmt":"2015-05-28T05:23:39","guid":{"rendered":"http:\/\/www.jedermann-restaurant.de\/cms\/?page_id=15"},"modified":"2026-04-30T10:32:54","modified_gmt":"2026-04-30T08:32:54","slug":"home","status":"publish","type":"page","link":"https:\/\/www.jedermann-restaurant.de\/","title":{"rendered":"Home"},"content":{"rendered":"\n<hr>\n<center><h1>F\u00fcr jeden. Ohne Unterschied.<\/h1><\/center>\n<blockquote>\nOb nach einem Spaziergang, in der Mittagspause oder einfach nur so \u2013 \n<br>\nwir sagen \u201eHerzlich willkommen!\u201c und freuen uns, \n<br>Sie mit den K\u00f6stlichkeiten aus unserer K\u00fcche verw\u00f6hnen zu k\u00f6nnen. \n<br><br>Lehnen Sie sich zur\u00fcck und genie\u00dfen Sie die traditionelle \u201eTh\u00fcringer K\u00fcche\u201c, \n<br>\ninternationale Spezialit\u00e4ten oder vegetarische Gerichte und\/oder erlesene Getr\u00e4nke\n<br>\nin einem f\u00fcr jeden Anlass passenden Ambiente! \n<br><br>\nWir freuen uns schon jetzt, Sie pers\u00f6nlich begr\u00fc\u00dfen zu k\u00f6nnen\n<br>und vielleicht\nist ja das \u201eJedermann\u201c schon bald Ihr Lieblingsrestaurant! \n<br>\nEyk Weigelt und sein Team<\/blockquote>\n<hr>\n\t<center><h1>speisekarte<\/h1>\nAchtung: An Feiertagen bieten wir Ihnen eine spezifische Feiertagskarte an!<br>\n\u2013 Preise k\u00f6nnen bei gew\u00fcnschten Beilagen\u00e4nderungen variieren \u2013\n<p>&nbsp;<\/p>\n<\/center>\n","protected":false},"excerpt":{"rendered":"<p class=\"post-excerpt\" class=\"post-excerpt\">F\u00fcr jeden. Ohne Unterschied. Ob nach einem Spaziergang, in der Mittagspause oder&hellip;<\/p>\n<div class=\"link-more\"><a href=\"https:\/\/www.jedermann-restaurant.de\/\">weiterlesen &#8230;<\/a><\/div>\n<div class=\"link-more\"><a href=\"https:\/\/www.jedermann-restaurant.de\/\">weiterlesen ...<\/a><\/div>","protected":false},"author":1,"featured_media":410,"parent":0,"menu_order":1,"comment_status":"closed","ping_status":"closed","template":"page-template\/_menu.php","meta":[],"yoast_head":"<!-- This site is optimized with the Yoast SEO plugin v15.2.1 - https:\/\/yoast.com\/wordpress\/plugins\/seo\/ -->\n<title>Home - Restaurant \u201eJedermann\u201c | F\u00fcr jeden. Ohne Unterschied.<\/title>\n<meta name=\"description\" content=\"F\u00fcr jeden. Ohne Unterschied. Ob nach einem Spaziergang, in der Mittagspause oder einfach nur so \u2013 wir freuen uns auf Ihre Einkehr im Restaurant \u201eJedermann\u201c!\" \/>\n<meta name=\"robots\" content=\"index, follow, max-snippet:-1, max-image-preview:large, max-video-preview:-1\" \/>\n<link rel=\"canonical\" href=\"http:\/\/www.jedermann-restaurant.de\/\" \/>\n<meta property=\"og:locale\" content=\"de_DE\" \/>\n<meta property=\"og:type\" content=\"article\" \/>\n<meta property=\"og:title\" content=\"Restaurant \u201eJedermann\u201c\" \/>\n<meta property=\"og:description\" content=\"F\u00fcr jeden. Ohne Unterschied. Ob nach einem Spaziergang, in der Mittagspause oder einfach nur so \u2013 wir freuen uns auf Ihre Einkehr im Restaurant \u201eJedermann\u201c!\" \/>\n<meta property=\"og:url\" content=\"http:\/\/www.jedermann-restaurant.de\/\" \/>\n<meta property=\"og:site_name\" content=\"Restaurant \u201eJedermann\u201c | F\u00fcr jeden. Ohne Unterschied.\" \/>\n<meta property=\"article:publisher\" content=\"https:\/\/www.facebook.com\/restaurantjedermann\" \/>\n<meta property=\"article:modified_time\" content=\"2026-04-30T08:32:54+00:00\" \/>\n<meta property=\"og:image\" content=\"https:\/\/i0.wp.com\/www.jedermann-restaurant.de\/cms\/wp-content\/uploads\/2015\/05\/restaurant8.jpg?fit=800%2C600&#038;ssl=1\" \/>\n\t<meta property=\"og:image:width\" content=\"800\" \/>\n\t<meta property=\"og:image:height\" content=\"600\" \/>\n<meta name=\"twitter:card\" content=\"summary\" \/>\n<meta name=\"twitter:label1\" content=\"Written by\">\n\t<meta name=\"twitter:data1\" content=\"Restaurant \u201eJedermann\u201c\">\n\t<meta name=\"twitter:label2\" content=\"Est. reading time\">\n\t<meta name=\"twitter:data2\" content=\"0\u00a0Minuten\">\n<script type=\"application\/ld+json\" class=\"yoast-schema-graph\">{\"@context\":\"https:\/\/schema.org\",\"@graph\":[{\"@type\":\"WebSite\",\"@id\":\"http:\/\/www.jedermann-restaurant.de\/#website\",\"url\":\"http:\/\/www.jedermann-restaurant.de\/\",\"name\":\"Restaurant \\u201eJedermann\\u201c | F\\u00fcr jeden. Ohne Unterschied.\",\"description\":\"\",\"potentialAction\":[{\"@type\":\"SearchAction\",\"target\":\"http:\/\/www.jedermann-restaurant.de\/?s={search_term_string}\",\"query-input\":\"required name=search_term_string\"}],\"inLanguage\":\"de\"},{\"@type\":\"ImageObject\",\"@id\":\"http:\/\/www.jedermann-restaurant.de\/#primaryimage\",\"inLanguage\":\"de\",\"url\":\"https:\/\/i0.wp.com\/www.jedermann-restaurant.de\/cms\/wp-content\/uploads\/2015\/05\/restaurant8.jpg?fit=800%2C600&ssl=1\",\"width\":800,\"height\":600,\"caption\":\"Restaurant \\u201eJedermann\\u201c\"},{\"@type\":\"WebPage\",\"@id\":\"http:\/\/www.jedermann-restaurant.de\/#webpage\",\"url\":\"http:\/\/www.jedermann-restaurant.de\/\",\"name\":\"Home - Restaurant \\u201eJedermann\\u201c | F\\u00fcr jeden. Ohne Unterschied.\",\"isPartOf\":{\"@id\":\"http:\/\/www.jedermann-restaurant.de\/#website\"},\"primaryImageOfPage\":{\"@id\":\"http:\/\/www.jedermann-restaurant.de\/#primaryimage\"},\"datePublished\":\"2015-05-28T05:23:39+00:00\",\"dateModified\":\"2026-04-30T08:32:54+00:00\",\"description\":\"F\\u00fcr jeden. Ohne Unterschied. Ob nach einem Spaziergang, in der Mittagspause oder einfach nur so \\u2013 wir freuen uns auf Ihre Einkehr im Restaurant \\u201eJedermann\\u201c!\",\"breadcrumb\":{\"@id\":\"http:\/\/www.jedermann-restaurant.de\/#breadcrumb\"},\"inLanguage\":\"de\",\"potentialAction\":[{\"@type\":\"ReadAction\",\"target\":[\"http:\/\/www.jedermann-restaurant.de\/\"]}]},{\"@type\":\"BreadcrumbList\",\"@id\":\"http:\/\/www.jedermann-restaurant.de\/#breadcrumb\",\"itemListElement\":[{\"@type\":\"ListItem\",\"position\":1,\"item\":{\"@type\":\"WebPage\",\"@id\":\"http:\/\/www.jedermann-restaurant.de\/\",\"url\":\"http:\/\/www.jedermann-restaurant.de\/\",\"name\":\"Home\"}},{\"@type\":\"ListItem\",\"position\":2,\"item\":{\"@type\":\"WebPage\",\"@id\":\"http:\/\/www.jedermann-restaurant.de\/\",\"url\":\"http:\/\/www.jedermann-restaurant.de\/\",\"name\":\"Home\"}}]}]}<\/script>\n<!-- \/ Yoast SEO plugin. -->","jetpack_sharing_enabled":false,"jetpack_shortlink":"https:\/\/wp.me\/Pfohil-f","jetpack_likes_enabled":true,"_links":{"self":[{"href":"https:\/\/www.jedermann-restaurant.de\/index.php\/wp-json\/wp\/v2\/pages\/15"}],"collection":[{"href":"https:\/\/www.jedermann-restaurant.de\/index.php\/wp-json\/wp\/v2\/pages"}],"about":[{"href":"https:\/\/www.jedermann-restaurant.de\/index.php\/wp-json\/wp\/v2\/types\/page"}],"author":[{"embeddable":true,"href":"https:\/\/www.jedermann-restaurant.de\/index.php\/wp-json\/wp\/v2\/users\/1"}],"replies":[{"embeddable":true,"href":"https:\/\/www.jedermann-restaurant.de\/index.php\/wp-json\/wp\/v2\/comments?post=15"}],"version-history":[{"count":51,"href":"https:\/\/www.jedermann-restaurant.de\/index.php\/wp-json\/wp\/v2\/pages\/15\/revisions"}],"predecessor-version":[{"id":2694,"href":"https:\/\/www.jedermann-restaurant.de\/index.php\/wp-json\/wp\/v2\/pages\/15\/revisions\/2694"}],"wp:featuredmedia":[{"embeddable":true,"href":"https:\/\/www.jedermann-restaurant.de\/index.php\/wp-json\/wp\/v2\/media\/410"}],"wp:attachment":[{"href":"https:\/\/www.jedermann-restaurant.de\/index.php\/wp-json\/wp\/v2\/media?parent=15"}],"curies":[{"name":"wp","href":"https:\/\/api.w.org\/{rel}","templated":true}]}}