{"id":45,"date":"2020-10-17T12:33:00","date_gmt":"2020-10-17T10:33:00","guid":{"rendered":"http:\/\/www.jedermann-restaurant.de\/cms\/?page_id=45"},"modified":"2025-05-08T18:34:18","modified_gmt":"2025-05-08T16:34:18","slug":"reservierung","status":"publish","type":"page","link":"https:\/\/www.jedermann-restaurant.de\/index.php\/restaurant\/reservierung\/","title":{"rendered":"Reservierung"},"content":{"rendered":"\n\n\t<h2>Sie m\u00f6chten vorbestellen?<\/h2>\n<h4><strong>Reservierungen <\/strong><strong>vorzugsweise\u00a0<\/strong><strong>telefonisch unter 0361 &#8211; 225 7575!<\/strong><\/h4>\n<p>Gern reservieren wir f\u00fcr Sie Ihren Lieblingsplatz!<\/p>\nF\u00fcr eine <strong>Online-Reservierung*<\/strong> nutzen Sie einfach unser nebenstehendes Formular &#8211; bitte beachten Sie ein Zeitfenster von drei Tagen. <strong><em>Achtung, nur vollst\u00e4ndig ausgef\u00fcllte Formulare werden bearbeitet! <\/em><\/strong>Nach Eingang und Pr\u00fcfung Ihres Reservierungswunsches erhalten Sie schnellstm\u00f6glich eine Best\u00e4tigung* an die von Ihnen angegebene E-Mail-Adresse.<br \/>\n(<strong>*Bitte pr\u00fcfen Sie auch Ihren Spam-Ordner!<\/strong>)\nWir freuen uns schon jetzt auf Ihren Besuch und w\u00fcnschen<br \/>\nIhnen einen angenehmen Aufenthalt in netter Gesellschaft!\n<p>Eyk Weigelt und sein Team<\/p>\n\t\t\t\t<img decoding=\"async\" src=\"https:\/\/i0.wp.com\/www.jedermann-restaurant.de\/cms\/wp-content\/uploads\/2015\/05\/restaurant16.jpg?resize=480%2C280\" alt=\"Restaurant \u201eJedermann\"\" itemprop=\"image\" title=\"Restaurant \u201eJedermann\"\" onerror=\"this.style.display='none'\"  data-recalc-dims=\"1\" \/>\n\t<p>Das Restaurant \u201eJedermann&#8220; verf\u00fcgt \u00fcber 2 Gastr\u00e4ume a 35 Pl\u00e4tze sowie eine Terrasse mit 60 Pl\u00e4tzen! Reservieren Sie Ihren Tisch schnell und bequem vorzugsweise telefonisch oder auch online, jedoch mit einem &#8222;Zeitfenster! von 3 Tagen f\u00fcr die Bearbeitung<\/p>\n<p>Unsere R\u00e4umlichkeiten stehen Ihnen nach Absprache f\u00fcr Ihre Familien-, Vereins-, Firmenfeiern etc. mit warmen und kalten B\u00fcffets, verschiedenen Men\u00fcs, Speisen a la cart\u00e9 sowie gepflegten Getr\u00e4nken jederzeit zur Verf\u00fcgung!<\/p>\n\n","protected":false},"excerpt":{"rendered":"<p class=\"post-excerpt\" class=\"post-excerpt\">Sie m\u00f6chten vorbestellen? Reservierungen vorzugsweise\u00a0telefonisch unter 0361 &#8211; 225 7575! Gern reservieren&hellip;<\/p>\n<div class=\"link-more\"><a href=\"https:\/\/www.jedermann-restaurant.de\/index.php\/restaurant\/reservierung\/\">weiterlesen &#8230;<\/a><\/div>\n<div class=\"link-more\"><a href=\"https:\/\/www.jedermann-restaurant.de\/index.php\/restaurant\/reservierung\/\">weiterlesen ...<\/a><\/div>","protected":false},"author":1,"featured_media":416,"parent":4,"menu_order":2,"comment_status":"closed","ping_status":"closed","template":"page-template\/_fullwidth.php","meta":[],"yoast_head":"<!-- This site is optimized with the Yoast SEO plugin v15.2.1 - https:\/\/yoast.com\/wordpress\/plugins\/seo\/ -->\n<title>Reservierung - Restaurant \u201eJedermann\u201c | F\u00fcr jeden. Ohne Unterschied.<\/title>\n<meta name=\"description\" content=\"Das Restaurant \u201eJedermann\u201c verf\u00fcgt \u00fcber 2 Gastr\u00e4ume a 35 Pl\u00e4tze sowie eine Terrasse mit 60 Pl\u00e4tzen. Gern reservieren wir Ihren Lieblingsplatz.\" \/>\n<meta name=\"robots\" content=\"index, follow, max-snippet:-1, max-image-preview:large, max-video-preview:-1\" \/>\n<link rel=\"canonical\" href=\"https:\/\/www.jedermann-restaurant.de\/index.php\/restaurant\/reservierung\/\" \/>\n<meta property=\"og:locale\" content=\"de_DE\" \/>\n<meta property=\"og:type\" content=\"article\" \/>\n<meta property=\"og:title\" content=\"Restaurant \u201eJedermann\u201c\" \/>\n<meta property=\"og:description\" content=\"Das Restaurant \u201eJedermann\u201c verf\u00fcgt \u00fcber 2 Gastr\u00e4ume a 35 Pl\u00e4tze sowie eine Terrasse mit 60 Pl\u00e4tzen. Gern reservieren wir Ihren Lieblingsplatz.\" \/>\n<meta property=\"og:url\" content=\"https:\/\/www.jedermann-restaurant.de\/index.php\/restaurant\/reservierung\/\" \/>\n<meta property=\"og:site_name\" content=\"Restaurant \u201eJedermann\u201c | F\u00fcr jeden. Ohne Unterschied.\" \/>\n<meta property=\"article:publisher\" content=\"https:\/\/www.facebook.com\/restaurantjedermann\" \/>\n<meta property=\"article:modified_time\" content=\"2025-05-08T16:34:18+00:00\" \/>\n<meta property=\"og:image\" content=\"https:\/\/i0.wp.com\/www.jedermann-restaurant.de\/cms\/wp-content\/uploads\/2015\/05\/restaurant2.jpg?fit=800%2C600&#038;ssl=1\" \/>\n\t<meta property=\"og:image:width\" content=\"800\" \/>\n\t<meta property=\"og:image:height\" content=\"600\" \/>\n<meta name=\"twitter:card\" content=\"summary\" \/>\n<meta name=\"twitter:label1\" content=\"Written by\">\n\t<meta name=\"twitter:data1\" content=\"Restaurant \u201eJedermann\u201c\">\n\t<meta name=\"twitter:label2\" content=\"Est. reading time\">\n\t<meta name=\"twitter:data2\" content=\"1\u00a0Minute\">\n<script type=\"application\/ld+json\" class=\"yoast-schema-graph\">{\"@context\":\"https:\/\/schema.org\",\"@graph\":[{\"@type\":\"WebSite\",\"@id\":\"https:\/\/www.jedermann-restaurant.de\/#website\",\"url\":\"https:\/\/www.jedermann-restaurant.de\/\",\"name\":\"Restaurant \\u201eJedermann\\u201c | F\\u00fcr jeden. Ohne Unterschied.\",\"description\":\"\",\"potentialAction\":[{\"@type\":\"SearchAction\",\"target\":\"https:\/\/www.jedermann-restaurant.de\/?s={search_term_string}\",\"query-input\":\"required name=search_term_string\"}],\"inLanguage\":\"de\"},{\"@type\":\"ImageObject\",\"@id\":\"https:\/\/www.jedermann-restaurant.de\/index.php\/restaurant\/reservierung\/#primaryimage\",\"inLanguage\":\"de\",\"url\":\"https:\/\/i0.wp.com\/www.jedermann-restaurant.de\/cms\/wp-content\/uploads\/2015\/05\/restaurant2.jpg?fit=800%2C600&ssl=1\",\"width\":800,\"height\":600,\"caption\":\"Restaurant \\u201eJedermann\\u201c\"},{\"@type\":\"WebPage\",\"@id\":\"https:\/\/www.jedermann-restaurant.de\/index.php\/restaurant\/reservierung\/#webpage\",\"url\":\"https:\/\/www.jedermann-restaurant.de\/index.php\/restaurant\/reservierung\/\",\"name\":\"Reservierung - Restaurant \\u201eJedermann\\u201c | F\\u00fcr jeden. Ohne Unterschied.\",\"isPartOf\":{\"@id\":\"https:\/\/www.jedermann-restaurant.de\/#website\"},\"primaryImageOfPage\":{\"@id\":\"https:\/\/www.jedermann-restaurant.de\/index.php\/restaurant\/reservierung\/#primaryimage\"},\"datePublished\":\"2020-10-17T10:33:00+00:00\",\"dateModified\":\"2025-05-08T16:34:18+00:00\",\"description\":\"Das Restaurant \\u201eJedermann\\u201c verf\\u00fcgt \\u00fcber 2 Gastr\\u00e4ume a 35 Pl\\u00e4tze sowie eine Terrasse mit 60 Pl\\u00e4tzen. Gern reservieren wir Ihren Lieblingsplatz.\",\"breadcrumb\":{\"@id\":\"https:\/\/www.jedermann-restaurant.de\/index.php\/restaurant\/reservierung\/#breadcrumb\"},\"inLanguage\":\"de\",\"potentialAction\":[{\"@type\":\"ReadAction\",\"target\":[\"https:\/\/www.jedermann-restaurant.de\/index.php\/restaurant\/reservierung\/\"]}]},{\"@type\":\"BreadcrumbList\",\"@id\":\"https:\/\/www.jedermann-restaurant.de\/index.php\/restaurant\/reservierung\/#breadcrumb\",\"itemListElement\":[{\"@type\":\"ListItem\",\"position\":1,\"item\":{\"@type\":\"WebPage\",\"@id\":\"https:\/\/www.jedermann-restaurant.de\/\",\"url\":\"https:\/\/www.jedermann-restaurant.de\/\",\"name\":\"Home\"}},{\"@type\":\"ListItem\",\"position\":2,\"item\":{\"@type\":\"WebPage\",\"@id\":\"https:\/\/www.jedermann-restaurant.de\/index.php\/restaurant\/\",\"url\":\"https:\/\/www.jedermann-restaurant.de\/index.php\/restaurant\/\",\"name\":\"Restaurant\"}},{\"@type\":\"ListItem\",\"position\":3,\"item\":{\"@type\":\"WebPage\",\"@id\":\"https:\/\/www.jedermann-restaurant.de\/index.php\/restaurant\/reservierung\/\",\"url\":\"https:\/\/www.jedermann-restaurant.de\/index.php\/restaurant\/reservierung\/\",\"name\":\"Reservierung\"}}]}]}<\/script>\n<!-- \/ Yoast SEO plugin. -->","jetpack_sharing_enabled":true,"jetpack_shortlink":"https:\/\/wp.me\/Pfohil-J","jetpack_likes_enabled":true,"_links":{"self":[{"href":"https:\/\/www.jedermann-restaurant.de\/index.php\/wp-json\/wp\/v2\/pages\/45"}],"collection":[{"href":"https:\/\/www.jedermann-restaurant.de\/index.php\/wp-json\/wp\/v2\/pages"}],"about":[{"href":"https:\/\/www.jedermann-restaurant.de\/index.php\/wp-json\/wp\/v2\/types\/page"}],"author":[{"embeddable":true,"href":"https:\/\/www.jedermann-restaurant.de\/index.php\/wp-json\/wp\/v2\/users\/1"}],"replies":[{"embeddable":true,"href":"https:\/\/www.jedermann-restaurant.de\/index.php\/wp-json\/wp\/v2\/comments?post=45"}],"version-history":[{"count":65,"href":"https:\/\/www.jedermann-restaurant.de\/index.php\/wp-json\/wp\/v2\/pages\/45\/revisions"}],"predecessor-version":[{"id":5721,"href":"https:\/\/www.jedermann-restaurant.de\/index.php\/wp-json\/wp\/v2\/pages\/45\/revisions\/5721"}],"up":[{"embeddable":true,"href":"https:\/\/www.jedermann-restaurant.de\/index.php\/wp-json\/wp\/v2\/pages\/4"}],"wp:featuredmedia":[{"embeddable":true,"href":"https:\/\/www.jedermann-restaurant.de\/index.php\/wp-json\/wp\/v2\/media\/416"}],"wp:attachment":[{"href":"https:\/\/www.jedermann-restaurant.de\/index.php\/wp-json\/wp\/v2\/media?parent=45"}],"curies":[{"name":"wp","href":"https:\/\/api.w.org\/{rel}","templated":true}]}}