{"id":6,"date":"2015-05-28T07:18:53","date_gmt":"2015-05-28T05:18:53","guid":{"rendered":"http:\/\/www.jedermann-restaurant.de\/cms\/?page_id=6"},"modified":"2023-10-11T15:10:52","modified_gmt":"2023-10-11T13:10:52","slug":"speisekarte","status":"publish","type":"page","link":"https:\/\/www.jedermann-restaurant.de\/index.php\/restaurant\/speisekarte\/","title":{"rendered":"Speisekarten-Auszug"},"content":{"rendered":"<div class=\"column column-12\">\n<p>Zu einem guten Wein oder einem k\u00fchlen Bier empfehlen wir unsere leckere traditionelle Th\u00fcringer sowie internationale K\u00fcche. Wir kochen mit Leidenschaft und verwenden stets frische und qualitativ hochwertige Zutaten.<\/p>\n<p>All unseren G\u00e4sten w\u00fcnschen wir einen <strong>\u201eGuten Appetit!\u201c<\/strong> und einen angenehmen Aufenthalt in einem gepflegten Ambiente!<\/p>\n<p>Sehen Sie hier einen Speisenkartenauszug, der sich durch spezielle <strong>Tagesangebote<\/strong> erg\u00e4nzt. (Unser Serviceteam ber\u00e4t Sie gern!) Dar\u00fcber hinaus umfasst unser Angebot auch eine attraktive Auswahl erlesener Weine und Getr\u00e4nke.<\/p>\n<p><strong>*Bitte beachten Sie:<\/strong> An Feiertagen bieten wir Ihnen eine spezifische Speisenkarte an!<\/p>\n<\/div>\n<div class=\"column column-12 last\"><img data-attachment-id=\"589\" data-permalink=\"https:\/\/www.jedermann-restaurant.de\/index.php\/restaurant\/speisekarte\/restaurant17-3\/\" data-orig-file=\"https:\/\/i0.wp.com\/www.jedermann-restaurant.de\/cms\/wp-content\/uploads\/2015\/06\/restaurant171.jpg?fit=800%2C600&amp;ssl=1\" data-orig-size=\"800,600\" data-comments-opened=\"0\" data-image-meta=\"{&quot;aperture&quot;:&quot;0&quot;,&quot;credit&quot;:&quot;&quot;,&quot;camera&quot;:&quot;&quot;,&quot;caption&quot;:&quot;&quot;,&quot;created_timestamp&quot;:&quot;0&quot;,&quot;copyright&quot;:&quot;&quot;,&quot;focal_length&quot;:&quot;0&quot;,&quot;iso&quot;:&quot;0&quot;,&quot;shutter_speed&quot;:&quot;0&quot;,&quot;title&quot;:&quot;&quot;,&quot;orientation&quot;:&quot;0&quot;}\" data-image-title=\"Restaurant \u201eJedermann\u201c\" data-image-description=\"\" data-image-caption=\"&lt;p&gt;Restaurant \u201eJedermann\u201c&lt;\/p&gt;\n\" data-medium-file=\"https:\/\/i0.wp.com\/www.jedermann-restaurant.de\/cms\/wp-content\/uploads\/2015\/06\/restaurant171.jpg?fit=632%2C474&amp;ssl=1\" data-large-file=\"https:\/\/i0.wp.com\/www.jedermann-restaurant.de\/cms\/wp-content\/uploads\/2015\/06\/restaurant171.jpg?fit=800%2C600&amp;ssl=1\" decoding=\"async\" loading=\"lazy\" class=\"size-full wp-image-589\" style=\"margin-top: 10px;\" src=\"https:\/\/i0.wp.com\/www.jedermann-restaurant.de\/cms\/wp-content\/uploads\/2015\/06\/restaurant171.jpg?resize=800%2C600&#038;ssl=1\" alt=\"Restaurant \u201eJedermann\u201c\" width=\"800\" height=\"600\" srcset=\"https:\/\/i0.wp.com\/www.jedermann-restaurant.de\/cms\/wp-content\/uploads\/2015\/06\/restaurant171.jpg?w=800&amp;ssl=1 800w, https:\/\/i0.wp.com\/www.jedermann-restaurant.de\/cms\/wp-content\/uploads\/2015\/06\/restaurant171.jpg?resize=632%2C474&amp;ssl=1 632w\" sizes=\"(max-width: 800px) 100vw, 800px\" data-recalc-dims=\"1\" \/><\/div>\n<hr>\n<div style=\"text-align: center; font-size: 14px; padding-bottom: 10px;\">\n<h1>Unser Speisenkarten-Auszug<\/h1>\n<p>Werte G\u00e4ste! Wir verwenden fast ausschlie\u00dflich frische regionale Produkte. Dennoch sind auch wir vor Zusatzstoffen in unserer K\u00fcche nicht befreit, da die verschiedenen notwendigen Produkte f\u00fcr die Zubereitung unserer Speisen schon beim Einkauf die \u00fcblichen Zusatzstoffe k\u00e4uflicher Lebensmittel enthalten. Es ist daher nicht zu vermeiden, dass Zusatzstoffe in geringsten Mengen enthalten sind. Bitte wenden Sie sich bei besonderen Allergien an unseren Koch bzw. Servicepersonal und bitten Sie um Auskunft. F\u00fcr Ihr Verst\u00e4ndnis vielen Dank!<\/p>\n<p><em><strong>Achtung: An Feiertagen z. B. Ostern, Weihnachten oder am Silvesterabend bieten wir Ihnen eine spezifische Speisenkarte an!<\/strong><\/em><br \/>\n<em><strong>\u2013 Preise k\u00f6nnen bei gew\u00fcnschten Beilagen\u00e4nderungen variieren. \u2013<\/strong><\/em><\/p>\n<\/div>\n","protected":false},"excerpt":{"rendered":"<p class=\"post-excerpt\" class=\"post-excerpt\">Zu einem guten Wein oder einem k\u00fchlen Bier empfehlen wir unsere leckere&hellip;<\/p>\n<div class=\"link-more\"><a href=\"https:\/\/www.jedermann-restaurant.de\/index.php\/restaurant\/speisekarte\/\">weiterlesen &#8230;<\/a><\/div>\n<div class=\"link-more\"><a href=\"https:\/\/www.jedermann-restaurant.de\/index.php\/restaurant\/speisekarte\/\">weiterlesen ...<\/a><\/div>","protected":false},"author":1,"featured_media":521,"parent":4,"menu_order":1,"comment_status":"closed","ping_status":"closed","template":"page-template\/_menu.php","meta":[],"yoast_head":"<!-- This site is optimized with the Yoast SEO plugin v15.2.1 - https:\/\/yoast.com\/wordpress\/plugins\/seo\/ -->\n<title>Speisekarten-Auszug - Restaurant \u201eJedermann\u201c | F\u00fcr jeden. Ohne Unterschied.<\/title>\n<meta name=\"description\" content=\"Wir kochen mit Leidenschaft! Zu einem guten Wein oder einem k\u00fchlen Bier empfehlen wir unsere leckere traditionelle Th\u00fcringer sowie internationale K\u00fcche.\" \/>\n<meta name=\"robots\" content=\"index, follow, max-snippet:-1, max-image-preview:large, max-video-preview:-1\" \/>\n<link rel=\"canonical\" href=\"https:\/\/www.jedermann-restaurant.de\/index.php\/restaurant\/speisekarte\/\" \/>\n<meta property=\"og:locale\" content=\"de_DE\" \/>\n<meta property=\"og:type\" content=\"article\" \/>\n<meta property=\"og:title\" content=\"Restaurant \u201eJedermann\u201c\" \/>\n<meta property=\"og:description\" content=\"Wir kochen mit Leidenschaft! Zu einem guten Wein oder einem k\u00fchlen Bier empfehlen wir unsere leckere traditionelle Th\u00fcringer sowie internationale K\u00fcche.\" \/>\n<meta property=\"og:url\" content=\"https:\/\/www.jedermann-restaurant.de\/index.php\/restaurant\/speisekarte\/\" \/>\n<meta property=\"og:site_name\" content=\"Restaurant \u201eJedermann\u201c | F\u00fcr jeden. Ohne Unterschied.\" \/>\n<meta property=\"article:publisher\" content=\"https:\/\/www.facebook.com\/restaurantjedermann\" \/>\n<meta property=\"article:modified_time\" content=\"2023-10-11T13:10:52+00:00\" \/>\n<meta property=\"og:image\" content=\"https:\/\/i0.wp.com\/www.jedermann-restaurant.de\/cms\/wp-content\/uploads\/2015\/05\/restaurant15.jpg?fit=800%2C600&#038;ssl=1\" \/>\n\t<meta property=\"og:image:width\" content=\"800\" \/>\n\t<meta property=\"og:image:height\" content=\"600\" \/>\n<meta name=\"twitter:card\" content=\"summary\" \/>\n<meta name=\"twitter:label1\" content=\"Written by\">\n\t<meta name=\"twitter:data1\" content=\"Restaurant \u201eJedermann\u201c\">\n\t<meta name=\"twitter:label2\" content=\"Est. reading time\">\n\t<meta name=\"twitter:data2\" content=\"1\u00a0Minute\">\n<script type=\"application\/ld+json\" class=\"yoast-schema-graph\">{\"@context\":\"https:\/\/schema.org\",\"@graph\":[{\"@type\":\"WebSite\",\"@id\":\"https:\/\/www.jedermann-restaurant.de\/#website\",\"url\":\"https:\/\/www.jedermann-restaurant.de\/\",\"name\":\"Restaurant \\u201eJedermann\\u201c | F\\u00fcr jeden. Ohne Unterschied.\",\"description\":\"\",\"potentialAction\":[{\"@type\":\"SearchAction\",\"target\":\"https:\/\/www.jedermann-restaurant.de\/?s={search_term_string}\",\"query-input\":\"required name=search_term_string\"}],\"inLanguage\":\"de\"},{\"@type\":\"ImageObject\",\"@id\":\"https:\/\/www.jedermann-restaurant.de\/index.php\/restaurant\/speisekarte\/#primaryimage\",\"inLanguage\":\"de\",\"url\":\"https:\/\/i0.wp.com\/www.jedermann-restaurant.de\/cms\/wp-content\/uploads\/2015\/05\/restaurant15.jpg?fit=800%2C600&ssl=1\",\"width\":800,\"height\":600,\"caption\":\"Restaurant \\u201eJedermann\\u201c\"},{\"@type\":\"WebPage\",\"@id\":\"https:\/\/www.jedermann-restaurant.de\/index.php\/restaurant\/speisekarte\/#webpage\",\"url\":\"https:\/\/www.jedermann-restaurant.de\/index.php\/restaurant\/speisekarte\/\",\"name\":\"Speisekarten-Auszug - Restaurant \\u201eJedermann\\u201c | F\\u00fcr jeden. Ohne Unterschied.\",\"isPartOf\":{\"@id\":\"https:\/\/www.jedermann-restaurant.de\/#website\"},\"primaryImageOfPage\":{\"@id\":\"https:\/\/www.jedermann-restaurant.de\/index.php\/restaurant\/speisekarte\/#primaryimage\"},\"datePublished\":\"2015-05-28T05:18:53+00:00\",\"dateModified\":\"2023-10-11T13:10:52+00:00\",\"description\":\"Wir kochen mit Leidenschaft! Zu einem guten Wein oder einem k\\u00fchlen Bier empfehlen wir unsere leckere traditionelle Th\\u00fcringer sowie internationale K\\u00fcche.\",\"breadcrumb\":{\"@id\":\"https:\/\/www.jedermann-restaurant.de\/index.php\/restaurant\/speisekarte\/#breadcrumb\"},\"inLanguage\":\"de\",\"potentialAction\":[{\"@type\":\"ReadAction\",\"target\":[\"https:\/\/www.jedermann-restaurant.de\/index.php\/restaurant\/speisekarte\/\"]}]},{\"@type\":\"BreadcrumbList\",\"@id\":\"https:\/\/www.jedermann-restaurant.de\/index.php\/restaurant\/speisekarte\/#breadcrumb\",\"itemListElement\":[{\"@type\":\"ListItem\",\"position\":1,\"item\":{\"@type\":\"WebPage\",\"@id\":\"https:\/\/www.jedermann-restaurant.de\/\",\"url\":\"https:\/\/www.jedermann-restaurant.de\/\",\"name\":\"Home\"}},{\"@type\":\"ListItem\",\"position\":2,\"item\":{\"@type\":\"WebPage\",\"@id\":\"https:\/\/www.jedermann-restaurant.de\/index.php\/restaurant\/\",\"url\":\"https:\/\/www.jedermann-restaurant.de\/index.php\/restaurant\/\",\"name\":\"Restaurant\"}},{\"@type\":\"ListItem\",\"position\":3,\"item\":{\"@type\":\"WebPage\",\"@id\":\"https:\/\/www.jedermann-restaurant.de\/index.php\/restaurant\/speisekarte\/\",\"url\":\"https:\/\/www.jedermann-restaurant.de\/index.php\/restaurant\/speisekarte\/\",\"name\":\"Speisekarten-Auszug\"}}]}]}<\/script>\n<!-- \/ Yoast SEO plugin. -->","jetpack_sharing_enabled":true,"jetpack_shortlink":"https:\/\/wp.me\/Pfohil-6","jetpack_likes_enabled":true,"_links":{"self":[{"href":"https:\/\/www.jedermann-restaurant.de\/index.php\/wp-json\/wp\/v2\/pages\/6"}],"collection":[{"href":"https:\/\/www.jedermann-restaurant.de\/index.php\/wp-json\/wp\/v2\/pages"}],"about":[{"href":"https:\/\/www.jedermann-restaurant.de\/index.php\/wp-json\/wp\/v2\/types\/page"}],"author":[{"embeddable":true,"href":"https:\/\/www.jedermann-restaurant.de\/index.php\/wp-json\/wp\/v2\/users\/1"}],"replies":[{"embeddable":true,"href":"https:\/\/www.jedermann-restaurant.de\/index.php\/wp-json\/wp\/v2\/comments?post=6"}],"version-history":[{"count":59,"href":"https:\/\/www.jedermann-restaurant.de\/index.php\/wp-json\/wp\/v2\/pages\/6\/revisions"}],"predecessor-version":[{"id":4445,"href":"https:\/\/www.jedermann-restaurant.de\/index.php\/wp-json\/wp\/v2\/pages\/6\/revisions\/4445"}],"up":[{"embeddable":true,"href":"https:\/\/www.jedermann-restaurant.de\/index.php\/wp-json\/wp\/v2\/pages\/4"}],"wp:featuredmedia":[{"embeddable":true,"href":"https:\/\/www.jedermann-restaurant.de\/index.php\/wp-json\/wp\/v2\/media\/521"}],"wp:attachment":[{"href":"https:\/\/www.jedermann-restaurant.de\/index.php\/wp-json\/wp\/v2\/media?parent=6"}],"curies":[{"name":"wp","href":"https:\/\/api.w.org\/{rel}","templated":true}]}}