{"id":8,"date":"2015-05-28T07:19:06","date_gmt":"2015-05-28T05:19:06","guid":{"rendered":"http:\/\/www.jedermann-restaurant.de\/cms\/?page_id=8"},"modified":"2015-09-22T08:41:02","modified_gmt":"2015-09-22T06:41:02","slug":"anfahrt","status":"publish","type":"page","link":"https:\/\/www.jedermann-restaurant.de\/index.php\/anfahrt\/","title":{"rendered":"Anfahrt"},"content":{"rendered":"<div><iframe loading=\"lazy\" style=\"border: 0;\" src=\"https:\/\/www.google.com\/maps\/embed?pb=!1m18!1m12!1m3!1d2512.5892936481373!2d11.020491!3d50.9682973!2m3!1f0!2f0!3f0!3m2!1i1024!2i768!4f13.1!3m3!1m2!1s0x47a472ebfcf37f81%3A0x5ac32791ea5a9dca!2sDalbergsweg+36%2C+99084+Erfurt!5e0!3m2!1sde!2sde!4v1433230969171\" width=\"400\" height=\"450\" frameborder=\"0\"><\/iframe><\/p>\n<h2>Restaurant \u201eJedermann\u201c<\/h2>\n<p>Dalbergsweg 36 | 99084 Erfurt<\/p>\n<p>Sie erreichen uns mit den <strong>Stra\u00dfenbahnlinien 4 und 2<\/strong> mit jeweils ca. 10 Minuten Fu\u00dfweg.<\/p>\n<p>Wir freuen uns, Sie als unsere G\u00e4ste begr\u00fc\u00dfen zu k\u00f6nnen und w\u00fcnschen Ihnen einen angenehmen Aufenthalt in unserem Restaurant.<\/p>\n<\/div>\n","protected":false},"excerpt":{"rendered":"<p class=\"post-excerpt\" class=\"post-excerpt\">Restaurant \u201eJedermann\u201c Dalbergsweg 36 | 99084 Erfurt Sie erreichen uns mit den&hellip;<\/p>\n<div class=\"link-more\"><a href=\"https:\/\/www.jedermann-restaurant.de\/index.php\/anfahrt\/\">weiterlesen &#8230;<\/a><\/div>\n<div class=\"link-more\"><a href=\"https:\/\/www.jedermann-restaurant.de\/index.php\/anfahrt\/\">weiterlesen ...<\/a><\/div>","protected":false},"author":1,"featured_media":414,"parent":0,"menu_order":4,"comment_status":"closed","ping_status":"closed","template":"","meta":[],"yoast_head":"<!-- This site is optimized with the Yoast SEO plugin v15.2.1 - https:\/\/yoast.com\/wordpress\/plugins\/seo\/ -->\n<title>Anfahrt - Restaurant \u201eJedermann\u201c | F\u00fcr jeden. Ohne Unterschied.<\/title>\n<meta name=\"description\" content=\"Anfahrt: Sie erreichen uns mit den Stra\u00dfenbahnlinien 4 u. 2 mit je ca. 10 min Fu\u00dfweg. Wir freuen uns auf Sie und w\u00fcnschen Ihnen einen angenehmen Aufenthalt!\" \/>\n<meta name=\"robots\" content=\"index, follow, max-snippet:-1, max-image-preview:large, max-video-preview:-1\" \/>\n<link rel=\"canonical\" href=\"http:\/\/www.jedermann-restaurant.de\/index.php\/anfahrt\/\" \/>\n<meta property=\"og:locale\" content=\"de_DE\" \/>\n<meta property=\"og:type\" content=\"article\" \/>\n<meta property=\"og:title\" content=\"Anfahrt - Restaurant \u201eJedermann\u201c | F\u00fcr jeden. Ohne Unterschied.\" \/>\n<meta property=\"og:description\" content=\"Anfahrt: Sie erreichen uns mit den Stra\u00dfenbahnlinien 4 u. 2 mit je ca. 10 min Fu\u00dfweg. Wir freuen uns auf Sie und w\u00fcnschen Ihnen einen angenehmen Aufenthalt!\" \/>\n<meta property=\"og:url\" content=\"http:\/\/www.jedermann-restaurant.de\/index.php\/anfahrt\/\" \/>\n<meta property=\"og:site_name\" content=\"Restaurant \u201eJedermann\u201c | F\u00fcr jeden. Ohne Unterschied.\" \/>\n<meta property=\"article:publisher\" content=\"https:\/\/www.facebook.com\/restaurantjedermann\" \/>\n<meta property=\"article:modified_time\" content=\"2015-09-22T06:41:02+00:00\" \/>\n<meta property=\"og:image\" content=\"https:\/\/i0.wp.com\/www.jedermann-restaurant.de\/cms\/wp-content\/uploads\/2015\/05\/restaurant4.jpg?fit=800%2C600&#038;ssl=1\" \/>\n\t<meta property=\"og:image:width\" content=\"800\" \/>\n\t<meta property=\"og:image:height\" content=\"600\" \/>\n<meta name=\"twitter:card\" content=\"summary\" \/>\n<meta name=\"twitter:label1\" content=\"Written by\">\n\t<meta name=\"twitter:data1\" content=\"Restaurant \u201eJedermann\u201c\">\n\t<meta name=\"twitter:label2\" content=\"Est. reading time\">\n\t<meta name=\"twitter:data2\" content=\"0\u00a0Minuten\">\n<script type=\"application\/ld+json\" class=\"yoast-schema-graph\">{\"@context\":\"https:\/\/schema.org\",\"@graph\":[{\"@type\":\"WebSite\",\"@id\":\"https:\/\/www.jedermann-restaurant.de\/#website\",\"url\":\"https:\/\/www.jedermann-restaurant.de\/\",\"name\":\"Restaurant \\u201eJedermann\\u201c | F\\u00fcr jeden. Ohne Unterschied.\",\"description\":\"\",\"potentialAction\":[{\"@type\":\"SearchAction\",\"target\":\"https:\/\/www.jedermann-restaurant.de\/?s={search_term_string}\",\"query-input\":\"required name=search_term_string\"}],\"inLanguage\":\"de\"},{\"@type\":\"ImageObject\",\"@id\":\"http:\/\/www.jedermann-restaurant.de\/index.php\/anfahrt\/#primaryimage\",\"inLanguage\":\"de\",\"url\":\"https:\/\/i0.wp.com\/www.jedermann-restaurant.de\/cms\/wp-content\/uploads\/2015\/05\/restaurant4.jpg?fit=800%2C600&ssl=1\",\"width\":800,\"height\":600,\"caption\":\"Restaurant \\u201eJedermann\\u201c\"},{\"@type\":\"WebPage\",\"@id\":\"http:\/\/www.jedermann-restaurant.de\/index.php\/anfahrt\/#webpage\",\"url\":\"http:\/\/www.jedermann-restaurant.de\/index.php\/anfahrt\/\",\"name\":\"Anfahrt - Restaurant \\u201eJedermann\\u201c | F\\u00fcr jeden. Ohne Unterschied.\",\"isPartOf\":{\"@id\":\"https:\/\/www.jedermann-restaurant.de\/#website\"},\"primaryImageOfPage\":{\"@id\":\"http:\/\/www.jedermann-restaurant.de\/index.php\/anfahrt\/#primaryimage\"},\"datePublished\":\"2015-05-28T05:19:06+00:00\",\"dateModified\":\"2015-09-22T06:41:02+00:00\",\"description\":\"Anfahrt: Sie erreichen uns mit den Stra\\u00dfenbahnlinien 4 u. 2 mit je ca. 10 min Fu\\u00dfweg. Wir freuen uns auf Sie und w\\u00fcnschen Ihnen einen angenehmen Aufenthalt!\",\"breadcrumb\":{\"@id\":\"http:\/\/www.jedermann-restaurant.de\/index.php\/anfahrt\/#breadcrumb\"},\"inLanguage\":\"de\",\"potentialAction\":[{\"@type\":\"ReadAction\",\"target\":[\"http:\/\/www.jedermann-restaurant.de\/index.php\/anfahrt\/\"]}]},{\"@type\":\"BreadcrumbList\",\"@id\":\"http:\/\/www.jedermann-restaurant.de\/index.php\/anfahrt\/#breadcrumb\",\"itemListElement\":[{\"@type\":\"ListItem\",\"position\":1,\"item\":{\"@type\":\"WebPage\",\"@id\":\"https:\/\/www.jedermann-restaurant.de\/\",\"url\":\"https:\/\/www.jedermann-restaurant.de\/\",\"name\":\"Home\"}},{\"@type\":\"ListItem\",\"position\":2,\"item\":{\"@type\":\"WebPage\",\"@id\":\"http:\/\/www.jedermann-restaurant.de\/index.php\/anfahrt\/\",\"url\":\"http:\/\/www.jedermann-restaurant.de\/index.php\/anfahrt\/\",\"name\":\"Anfahrt\"}}]}]}<\/script>\n<!-- \/ Yoast SEO plugin. -->","jetpack_sharing_enabled":true,"jetpack_shortlink":"https:\/\/wp.me\/Pfohil-8","jetpack_likes_enabled":true,"_links":{"self":[{"href":"https:\/\/www.jedermann-restaurant.de\/index.php\/wp-json\/wp\/v2\/pages\/8"}],"collection":[{"href":"https:\/\/www.jedermann-restaurant.de\/index.php\/wp-json\/wp\/v2\/pages"}],"about":[{"href":"https:\/\/www.jedermann-restaurant.de\/index.php\/wp-json\/wp\/v2\/types\/page"}],"author":[{"embeddable":true,"href":"https:\/\/www.jedermann-restaurant.de\/index.php\/wp-json\/wp\/v2\/users\/1"}],"replies":[{"embeddable":true,"href":"https:\/\/www.jedermann-restaurant.de\/index.php\/wp-json\/wp\/v2\/comments?post=8"}],"version-history":[{"count":7,"href":"https:\/\/www.jedermann-restaurant.de\/index.php\/wp-json\/wp\/v2\/pages\/8\/revisions"}],"predecessor-version":[{"id":780,"href":"https:\/\/www.jedermann-restaurant.de\/index.php\/wp-json\/wp\/v2\/pages\/8\/revisions\/780"}],"wp:featuredmedia":[{"embeddable":true,"href":"https:\/\/www.jedermann-restaurant.de\/index.php\/wp-json\/wp\/v2\/media\/414"}],"wp:attachment":[{"href":"https:\/\/www.jedermann-restaurant.de\/index.php\/wp-json\/wp\/v2\/media?parent=8"}],"curies":[{"name":"wp","href":"https:\/\/api.w.org\/{rel}","templated":true}]}}